{"id":897,"date":"2017-04-03T15:23:01","date_gmt":"2017-04-03T13:23:01","guid":{"rendered":"https:\/\/water-multi-reuse.org\/?page_id=897\/"},"modified":"2022-11-10T15:03:47","modified_gmt":"2022-11-10T14:03:47","slug":"legal-disclaimer","status":"publish","type":"page","link":"https:\/\/water-multi-reuse.org\/en\/legal-disclaimer\/","title":{"rendered":"Legal Disclaimer"},"content":{"rendered":"<div id='layer_slider_1'  class='avia-layerslider main_color avia-shadow  avia-builder-el-0  el_before_av_textblock  avia-builder-el-first  container_wrap sidebar_right'  style='height: 351px;'  ><\/div><div id='after_layer_slider_1'  class='main_color av_default_container_wrap container_wrap sidebar_right'  ><div class='container av-section-cont-open' ><div class='template-page content  av-content-small alpha units'><div class='post-entry post-entry-type-page post-entry-897'><div class='entry-content-wrapper clearfix'>\n<section  class='av_textblock_section av-mplk9-a7c2a03eac1b1102e491b2a7d7d8f5ef '   itemscope=\"itemscope\" itemtype=\"https:\/\/schema.org\/CreativeWork\" ><div class='avia_textblock'  itemprop=\"text\" ><p style=\"text-align: right;\"><\/p>\n<\/div><\/section>\n\n<style type=\"text\/css\" data-created_by=\"avia_inline_auto\" id=\"style-css-av-1j59d-42dddcbc081bc0c583ad9fcbed46ba6d\">\n#top .hr.hr-invisible.av-1j59d-42dddcbc081bc0c583ad9fcbed46ba6d{\nmargin-top:-30px;\nheight:1px;\n}\n<\/style>\n<div  class='hr av-1j59d-42dddcbc081bc0c583ad9fcbed46ba6d hr-invisible  avia-builder-el-2  el_after_av_textblock  el_before_av_heading '><span class='hr-inner '><span class=\"hr-inner-style\"><\/span><\/span><\/div>\n\n<style type=\"text\/css\" data-created_by=\"avia_inline_auto\" id=\"style-css-av-7kcpd-fb0567410060b1248fb875c41f6e8cc2\">\n#top .av-special-heading.av-7kcpd-fb0567410060b1248fb875c41f6e8cc2{\npadding-bottom:10px;\nfont-size:40px;\n}\nbody .av-special-heading.av-7kcpd-fb0567410060b1248fb875c41f6e8cc2 .av-special-heading-tag .heading-char{\nfont-size:25px;\n}\n#top #wrap_all .av-special-heading.av-7kcpd-fb0567410060b1248fb875c41f6e8cc2 .av-special-heading-tag{\nfont-size:40px;\n}\n.av-special-heading.av-7kcpd-fb0567410060b1248fb875c41f6e8cc2 .av-subheading{\nfont-size:15px;\n}\n\n@media only screen and (min-width: 480px) and (max-width: 767px){ \n#top #wrap_all .av-special-heading.av-7kcpd-fb0567410060b1248fb875c41f6e8cc2 .av-special-heading-tag{\nfont-size:0.8em;\n}\n}\n\n@media only screen and (max-width: 479px){ \n#top #wrap_all .av-special-heading.av-7kcpd-fb0567410060b1248fb875c41f6e8cc2 .av-special-heading-tag{\nfont-size:0.8em;\n}\n}\n<\/style>\n<div  class='av-special-heading av-7kcpd-fb0567410060b1248fb875c41f6e8cc2 av-special-heading-h1 blockquote modern-quote modern-centered  avia-builder-el-3  el_after_av_hr  el_before_av_textblock  av-inherit-size'><h1 class='av-special-heading-tag '  itemprop=\"headline\"  >Legal disclaimer<\/h1><div class=\"special-heading-border\"><div class=\"special-heading-inner-border\"><\/div><\/div><\/div>\n<section  class='av_textblock_section av-ji5ytk7y-3d1fbf2232da0f0bf02a7f5405bd3bde '   itemscope=\"itemscope\" itemtype=\"https:\/\/schema.org\/CreativeWork\" ><div class='avia_textblock av_inherit_color'  itemprop=\"text\" ><p>The creation and maintenance of this website takes place within the research project MULTI-ReUse, funded by the <a href=\"https:\/\/www.bmbf.de\/foerderungen\/bekanntmachung.php?B=728\" target=\"_blank\" rel=\"noopener\">Federal Ministry of of Education and Research (BMBF)<\/a> under the number 02WAV1403.<\/p>\n<p>Responsible for the content of this website is IWW and the other <a href=\"https:\/\/water-multi-reuse.org\/en\/project-partners\/\" target=\"_blank\" rel=\"noopener\">project partners<\/a>.<\/p>\n<h4>IWW Rheinisch-Westf\u00e4lisches Institut f\u00fcr Wasserforschung\u00a0gemeinn\u00fctzige GmbH<\/h4>\n<p>Moritzstr. 26<br \/>\n45476 M\u00fclheim an der Ruhr<br \/>\nGermany<\/p>\n<p>Phone: 0049 (0) 208 40303-0<br \/>\nFax: 0049 (0) 208 40303-80<br \/>\ne-mail: <a>info@iww-online.de<\/a><br \/>\nInternet: <a href=\"http:\/\/www.iww-online.de\/\">www.iww-online.de<\/a><\/p>\n<p>Responsible managing director:<\/p>\n<p>Lothar Sch\u00fcller (Chief Financial Officer))<\/p>\n<p>District court Duisburg,<br \/>\nHRB 14699<br \/>\nTurnover tax ID.: DE 120351032<\/p>\n<p>Shareholders of IWW Rheinisch-Westf\u00e4lisches Institut f\u00fcr Wasserforschung gemeinn\u00fctzige GmbH<\/p>\n<h4>Project Coordinator<\/h4>\n<p>Barbara Zimmermann<\/p>\n<h4>Copyright<\/h4>\n<p>The project partners have the copyright to the content of this website. Using, changing or copying the content is only permitted with the explixit permission of the authors. Saving copies of web pages on a personal computer for the purpose of viewing them with a browser is permitted.<\/p>\n<h4>Legal statement<\/h4>\n<p>We accept no responsibility for the content on any site to which a hyperlink from this site exists.<\/p>\n<h4>Picture Credits<\/h4>\n<p>The photos and images on this website are taken from <a href=\"https:\/\/www.shutterstock.com\/\" target=\"_blank\" rel=\"noopener\">Shutterstock<\/a>, LANXESS IAB Ionenaustauscher GmbH Bitterfeld\u00a0as well as\u00a0inge GmbH BASF\u2019s Ultrafiltration Membrane Business &#8211; find a list of the credits here:\u00a0<a href=\"https:\/\/water-multi-reuse.org\/wp-content\/uploads\/bildcredits\/Picturecredits_MULTI-ReUse_eng.txt\" target=\"_blank\" rel=\"noopener\">Picture-Credits MULTI-ReUse<\/a>.<\/p>\n<h4>Editors of the website<\/h4>\n<p>Lisa Zimmermann (Public Relations, IWW)<\/p>\n<\/div><\/section>\n","protected":false},"excerpt":{"rendered":"","protected":false},"author":1,"featured_media":0,"parent":0,"menu_order":0,"comment_status":"closed","ping_status":"closed","template":"","meta":{"footnotes":""},"class_list":["post-897","page","type-page","status-publish","hentry"],"yoast_head":"<!-- This site is optimized with the Yoast SEO plugin v27.3 - https:\/\/yoast.com\/product\/yoast-seo-wordpress\/ -->\n<title>Legal Disclaimer - MULTI-ReUse<\/title>\n<meta name=\"description\" content=\"Responsible for the content of the website (see legal disclaimer) is IWW Water Centre as well as the other partners from the MULTI-ReUse project.\" \/>\n<meta name=\"robots\" content=\"index, follow, max-snippet:-1, max-image-preview:large, max-video-preview:-1\" \/>\n<link rel=\"canonical\" href=\"https:\/\/water-multi-reuse.org\/impressum\/\" \/>\n<meta property=\"og:locale\" content=\"en_US\" \/>\n<meta property=\"og:type\" content=\"article\" \/>\n<meta property=\"og:title\" content=\"Legal Disclaimer - MULTI-ReUse\" \/>\n<meta property=\"og:description\" content=\"Responsible for the content of the website (see legal disclaimer) is IWW Water Centre as well as the other partners from the MULTI-ReUse project.\" \/>\n<meta property=\"og:url\" content=\"https:\/\/water-multi-reuse.org\/impressum\/\" \/>\n<meta property=\"og:site_name\" content=\"MULTI-ReUse\" \/>\n<meta property=\"article:modified_time\" content=\"2022-11-10T14:03:47+00:00\" \/>\n<meta name=\"twitter:card\" content=\"summary_large_image\" \/>\n<meta name=\"twitter:label1\" content=\"Est. reading time\" \/>\n\t<meta name=\"twitter:data1\" content=\"2 minutes\" \/>\n<script type=\"application\/ld+json\" class=\"yoast-schema-graph\">{\"@context\":\"https:\\\/\\\/schema.org\",\"@graph\":[{\"@type\":\"WebPage\",\"@id\":\"https:\\\/\\\/water-multi-reuse.org\\\/impressum\\\/\",\"url\":\"https:\\\/\\\/water-multi-reuse.org\\\/impressum\\\/\",\"name\":\"Legal Disclaimer - MULTI-ReUse\",\"isPartOf\":{\"@id\":\"https:\\\/\\\/water-multi-reuse.org\\\/#website\"},\"datePublished\":\"2017-04-03T13:23:01+00:00\",\"dateModified\":\"2022-11-10T14:03:47+00:00\",\"description\":\"Responsible for the content of the website (see legal disclaimer) is IWW Water Centre as well as the other partners from the MULTI-ReUse project.\",\"breadcrumb\":{\"@id\":\"https:\\\/\\\/water-multi-reuse.org\\\/impressum\\\/#breadcrumb\"},\"inLanguage\":\"en-US\",\"potentialAction\":[{\"@type\":\"ReadAction\",\"target\":[\"https:\\\/\\\/water-multi-reuse.org\\\/impressum\\\/\"]}]},{\"@type\":\"BreadcrumbList\",\"@id\":\"https:\\\/\\\/water-multi-reuse.org\\\/impressum\\\/#breadcrumb\",\"itemListElement\":[{\"@type\":\"ListItem\",\"position\":1,\"name\":\"Startseite\",\"item\":\"https:\\\/\\\/water-multi-reuse.org\\\/en\\\/\"},{\"@type\":\"ListItem\",\"position\":2,\"name\":\"Legal Disclaimer\"}]},{\"@type\":\"WebSite\",\"@id\":\"https:\\\/\\\/water-multi-reuse.org\\\/#website\",\"url\":\"https:\\\/\\\/water-multi-reuse.org\\\/\",\"name\":\"MULTI-ReUse\",\"description\":\"Zukunftsf\u00e4hige Technologien und Konzepte durch Wasserwiederverwendung\",\"publisher\":{\"@id\":\"https:\\\/\\\/water-multi-reuse.org\\\/#organization\"},\"potentialAction\":[{\"@type\":\"SearchAction\",\"target\":{\"@type\":\"EntryPoint\",\"urlTemplate\":\"https:\\\/\\\/water-multi-reuse.org\\\/?s={search_term_string}\"},\"query-input\":{\"@type\":\"PropertyValueSpecification\",\"valueRequired\":true,\"valueName\":\"search_term_string\"}}],\"inLanguage\":\"en-US\"},{\"@type\":\"Organization\",\"@id\":\"https:\\\/\\\/water-multi-reuse.org\\\/#organization\",\"name\":\"IWW Forschung\",\"url\":\"https:\\\/\\\/water-multi-reuse.org\\\/\",\"logo\":{\"@type\":\"ImageObject\",\"inLanguage\":\"en-US\",\"@id\":\"https:\\\/\\\/water-multi-reuse.org\\\/#\\\/schema\\\/logo\\\/image\\\/\",\"url\":\"https:\\\/\\\/water-multi-reuse.org\\\/wp-content\\\/uploads\\\/2017\\\/03\\\/MultiReUse_400x135px.png\",\"contentUrl\":\"https:\\\/\\\/water-multi-reuse.org\\\/wp-content\\\/uploads\\\/2017\\\/03\\\/MultiReUse_400x135px.png\",\"width\":400,\"height\":135,\"caption\":\"IWW Forschung\"},\"image\":{\"@id\":\"https:\\\/\\\/water-multi-reuse.org\\\/#\\\/schema\\\/logo\\\/image\\\/\"}}]}<\/script>\n<!-- \/ Yoast SEO plugin. -->","yoast_head_json":{"title":"Legal Disclaimer - MULTI-ReUse","description":"Responsible for the content of the website (see legal disclaimer) is IWW Water Centre as well as the other partners from the MULTI-ReUse project.","robots":{"index":"index","follow":"follow","max-snippet":"max-snippet:-1","max-image-preview":"max-image-preview:large","max-video-preview":"max-video-preview:-1"},"canonical":"https:\/\/water-multi-reuse.org\/impressum\/","og_locale":"en_US","og_type":"article","og_title":"Legal Disclaimer - MULTI-ReUse","og_description":"Responsible for the content of the website (see legal disclaimer) is IWW Water Centre as well as the other partners from the MULTI-ReUse project.","og_url":"https:\/\/water-multi-reuse.org\/impressum\/","og_site_name":"MULTI-ReUse","article_modified_time":"2022-11-10T14:03:47+00:00","twitter_card":"summary_large_image","twitter_misc":{"Est. reading time":"2 minutes"},"schema":{"@context":"https:\/\/schema.org","@graph":[{"@type":"WebPage","@id":"https:\/\/water-multi-reuse.org\/impressum\/","url":"https:\/\/water-multi-reuse.org\/impressum\/","name":"Legal Disclaimer - MULTI-ReUse","isPartOf":{"@id":"https:\/\/water-multi-reuse.org\/#website"},"datePublished":"2017-04-03T13:23:01+00:00","dateModified":"2022-11-10T14:03:47+00:00","description":"Responsible for the content of the website (see legal disclaimer) is IWW Water Centre as well as the other partners from the MULTI-ReUse project.","breadcrumb":{"@id":"https:\/\/water-multi-reuse.org\/impressum\/#breadcrumb"},"inLanguage":"en-US","potentialAction":[{"@type":"ReadAction","target":["https:\/\/water-multi-reuse.org\/impressum\/"]}]},{"@type":"BreadcrumbList","@id":"https:\/\/water-multi-reuse.org\/impressum\/#breadcrumb","itemListElement":[{"@type":"ListItem","position":1,"name":"Startseite","item":"https:\/\/water-multi-reuse.org\/en\/"},{"@type":"ListItem","position":2,"name":"Legal Disclaimer"}]},{"@type":"WebSite","@id":"https:\/\/water-multi-reuse.org\/#website","url":"https:\/\/water-multi-reuse.org\/","name":"MULTI-ReUse","description":"Zukunftsf\u00e4hige Technologien und Konzepte durch Wasserwiederverwendung","publisher":{"@id":"https:\/\/water-multi-reuse.org\/#organization"},"potentialAction":[{"@type":"SearchAction","target":{"@type":"EntryPoint","urlTemplate":"https:\/\/water-multi-reuse.org\/?s={search_term_string}"},"query-input":{"@type":"PropertyValueSpecification","valueRequired":true,"valueName":"search_term_string"}}],"inLanguage":"en-US"},{"@type":"Organization","@id":"https:\/\/water-multi-reuse.org\/#organization","name":"IWW Forschung","url":"https:\/\/water-multi-reuse.org\/","logo":{"@type":"ImageObject","inLanguage":"en-US","@id":"https:\/\/water-multi-reuse.org\/#\/schema\/logo\/image\/","url":"https:\/\/water-multi-reuse.org\/wp-content\/uploads\/2017\/03\/MultiReUse_400x135px.png","contentUrl":"https:\/\/water-multi-reuse.org\/wp-content\/uploads\/2017\/03\/MultiReUse_400x135px.png","width":400,"height":135,"caption":"IWW Forschung"},"image":{"@id":"https:\/\/water-multi-reuse.org\/#\/schema\/logo\/image\/"}}]}},"_links":{"self":[{"href":"https:\/\/water-multi-reuse.org\/en\/wp-json\/wp\/v2\/pages\/897","targetHints":{"allow":["GET"]}}],"collection":[{"href":"https:\/\/water-multi-reuse.org\/en\/wp-json\/wp\/v2\/pages"}],"about":[{"href":"https:\/\/water-multi-reuse.org\/en\/wp-json\/wp\/v2\/types\/page"}],"author":[{"embeddable":true,"href":"https:\/\/water-multi-reuse.org\/en\/wp-json\/wp\/v2\/users\/1"}],"replies":[{"embeddable":true,"href":"https:\/\/water-multi-reuse.org\/en\/wp-json\/wp\/v2\/comments?post=897"}],"version-history":[{"count":2,"href":"https:\/\/water-multi-reuse.org\/en\/wp-json\/wp\/v2\/pages\/897\/revisions"}],"predecessor-version":[{"id":3503,"href":"https:\/\/water-multi-reuse.org\/en\/wp-json\/wp\/v2\/pages\/897\/revisions\/3503"}],"wp:attachment":[{"href":"https:\/\/water-multi-reuse.org\/en\/wp-json\/wp\/v2\/media?parent=897"}],"curies":[{"name":"wp","href":"https:\/\/api.w.org\/{rel}","templated":true}]}}